{"id":11,"date":"2019-07-09T16:14:35","date_gmt":"2019-07-09T14:14:35","guid":{"rendered":"http:\/\/bistrogustavsberg.se\/kattholmenbarochkok\/?page_id=11"},"modified":"2019-08-18T13:34:09","modified_gmt":"2019-08-18T11:34:09","slug":"kalendarium","status":"publish","type":"page","link":"http:\/\/bistrogustavsberg.se\/kattholmenbarochkok\/kalendarium\/","title":{"rendered":"Kalendarium"},"content":{"rendered":"<h2><img loading=\"lazy\" decoding=\"async\" class=\"alignnone size-medium wp-image-6 aligncenter\" src=\"http:\/\/bistrogustavsberg.se\/kattholmenbarochkok\/wp-content\/uploads\/sites\/2\/2019\/07\/kattholmen_logga-300x300.png\" alt=\"\" width=\"300\" height=\"300\" srcset=\"http:\/\/bistrogustavsberg.se\/kattholmenbarochkok\/wp-content\/uploads\/sites\/2\/2019\/07\/kattholmen_logga-300x300.png 300w, http:\/\/bistrogustavsberg.se\/kattholmenbarochkok\/wp-content\/uploads\/sites\/2\/2019\/07\/kattholmen_logga-150x150.png 150w, http:\/\/bistrogustavsberg.se\/kattholmenbarochkok\/wp-content\/uploads\/sites\/2\/2019\/07\/kattholmen_logga-768x768.png 768w, http:\/\/bistrogustavsberg.se\/kattholmenbarochkok\/wp-content\/uploads\/sites\/2\/2019\/07\/kattholmen_logga-140x140.png 140w, http:\/\/bistrogustavsberg.se\/kattholmenbarochkok\/wp-content\/uploads\/sites\/2\/2019\/07\/kattholmen_logga-260x260.png 260w, http:\/\/bistrogustavsberg.se\/kattholmenbarochkok\/wp-content\/uploads\/sites\/2\/2019\/07\/kattholmen_logga-380x380.png 380w, http:\/\/bistrogustavsberg.se\/kattholmenbarochkok\/wp-content\/uploads\/sites\/2\/2019\/07\/kattholmen_logga.png 915w\" sizes=\"auto, (max-width: 300px) 100vw, 300px\" \/><\/h2>\n<h2 style=\"text-align: center\">P\u00c5 G\u00c5NG p\u00e5 KATTHOLMEN:<\/h2>\n<p>&#8212; sommaren \u00e4r \u00f6ver f\u00f6r denna g\u00e5ng..<\/p>\n<p style=\"text-align: center\">\u00d6ppet helger fram till 8 sept. v 34-35-36<\/p>\n<p style=\"text-align: center\">\u00a0L\u00f6rdagar kl 12-19, s\u00f6ndagar kl 12-16 ca.<\/p>\n<ul>\n<li style=\"margin-bottom: 20px\">LIVEMUSIK Aftersail \u2013 alla fredagar i juli, samt tv\u00e5 veckor i augusti.<br \/>\nCa fr\u00e5n kl 18.30- Spelning p\u00e5 bryggan: Covers, klassiker, sommark\u00e4nslor. Jocke Amorell, Viktor Sand, Chris Lindh, Anna Lindstr\u00f6m m fl<br \/>\n5 juli, 12 juli, 19 juli, 26 juli, 2 augusti, 9 augusti<\/li>\n<li style=\"margin-bottom: 20px\">BRYGGDANS med V\u00e4rmd\u00f6b\u00e4lgarna varje l\u00f6rdag i juli kl 18-20<br \/>\n6 juli, 13 juli, 27 juli, 3 augusti, 10 augusti<\/li>\n<li style=\"margin-bottom: 20px\">YOGA p\u00e5 bryggan. Mari Hall.<br \/>\nOnsdagar kl 19. L\u00e4ngre fram i september blir det kl 18. Mari ber\u00e4ttar f\u00f6r oss :).<\/li>\n<li style=\"margin-bottom: 20px\">GRUPPTR\u00c4NING Onsdagar kl 18. L\u00f6rdagar kl 11<br \/>\nV\u00e4rmd\u00f6 PT studio. Boxpass med Jocke.<\/li>\n<li style=\"margin-bottom: 20px\">B\u00e5tm\u00e4ssan \u2013 Allt p\u00e5 sj\u00f6n 30 aug- 1 sept* SM DRAGON FORCE F65 racing, radiostyrda b\u00e5tar<br \/>\n(VM arrangeras i hamnen 2020) 6-9 september<em>Under hela sommaren finns det m\u00f6jliget att spela mini-golf, boule och hyra cyklar.<\/em><\/li>\n<\/ul>\n<p style=\"text-align: center\">** Meny och program kan \u00e4ndras efter v\u00e4der..**<\/p>\n","protected":false},"excerpt":{"rendered":"<p>P\u00c5 G\u00c5NG p\u00e5 KATTHOLMEN: &#8212; sommaren \u00e4r \u00f6ver f\u00f6r denna g\u00e5ng.. \u00d6ppet helger fram till 8 sept. v 34-35-36 \u00a0L\u00f6rdagar kl 12-19, s\u00f6ndagar kl 12-16 ca. LIVEMUSIK Aftersail \u2013 alla&#8230;<\/p>\n","protected":false},"author":8,"featured_media":0,"parent":0,"menu_order":0,"comment_status":"closed","ping_status":"closed","template":"","meta":{"footnotes":""},"class_list":["post-11","page","type-page","status-publish","hentry"],"yoast_head":"<!-- This site is optimized with the Yoast SEO plugin v27.5 - https:\/\/yoast.com\/product\/yoast-seo-wordpress\/ -->\n<title>Kalendarium - Kattholmen bar och k\u00f6k<\/title>\n<meta name=\"robots\" content=\"index, follow, max-snippet:-1, max-image-preview:large, max-video-preview:-1\" \/>\n<link rel=\"canonical\" href=\"https:\/\/bistrogustavsberg.se\/kattholmenbarochkok\/kalendarium\/\" \/>\n<meta property=\"og:locale\" content=\"sv_SE\" \/>\n<meta property=\"og:type\" content=\"article\" \/>\n<meta property=\"og:title\" content=\"Kalendarium - Kattholmen bar och k\u00f6k\" \/>\n<meta property=\"og:description\" content=\"P\u00c5 G\u00c5NG p\u00e5 KATTHOLMEN: &#8212; sommaren \u00e4r \u00f6ver f\u00f6r denna g\u00e5ng.. \u00d6ppet helger fram till 8 sept. v 34-35-36 \u00a0L\u00f6rdagar kl 12-19, s\u00f6ndagar kl 12-16 ca. LIVEMUSIK Aftersail \u2013 alla...\" \/>\n<meta property=\"og:url\" content=\"https:\/\/bistrogustavsberg.se\/kattholmenbarochkok\/kalendarium\/\" \/>\n<meta property=\"og:site_name\" content=\"Kattholmen bar och k\u00f6k\" \/>\n<meta property=\"article:modified_time\" content=\"2019-08-18T11:34:09+00:00\" \/>\n<meta property=\"og:image\" content=\"http:\/\/bistrogustavsberg.se\/kattholmenbarochkok\/wp-content\/uploads\/sites\/2\/2019\/07\/kattholmen_logga-300x300.png\" \/>\n<meta name=\"twitter:card\" content=\"summary_large_image\" \/>\n<meta name=\"twitter:label1\" content=\"Ber\u00e4knad l\u00e4stid\" \/>\n\t<meta name=\"twitter:data1\" content=\"1 minut\" \/>\n<script type=\"application\/ld+json\" class=\"yoast-schema-graph\">{\"@context\":\"https:\\\/\\\/schema.org\",\"@graph\":[{\"@type\":\"WebPage\",\"@id\":\"https:\\\/\\\/bistrogustavsberg.se\\\/kattholmenbarochkok\\\/kalendarium\\\/\",\"url\":\"https:\\\/\\\/bistrogustavsberg.se\\\/kattholmenbarochkok\\\/kalendarium\\\/\",\"name\":\"Kalendarium - Kattholmen bar och k\u00f6k\",\"isPartOf\":{\"@id\":\"https:\\\/\\\/bistrogustavsberg.se\\\/kattholmenbarochkok\\\/#website\"},\"primaryImageOfPage\":{\"@id\":\"https:\\\/\\\/bistrogustavsberg.se\\\/kattholmenbarochkok\\\/kalendarium\\\/#primaryimage\"},\"image\":{\"@id\":\"https:\\\/\\\/bistrogustavsberg.se\\\/kattholmenbarochkok\\\/kalendarium\\\/#primaryimage\"},\"thumbnailUrl\":\"http:\\\/\\\/bistrogustavsberg.se\\\/kattholmenbarochkok\\\/wp-content\\\/uploads\\\/sites\\\/2\\\/2019\\\/07\\\/kattholmen_logga-300x300.png\",\"datePublished\":\"2019-07-09T14:14:35+00:00\",\"dateModified\":\"2019-08-18T11:34:09+00:00\",\"breadcrumb\":{\"@id\":\"https:\\\/\\\/bistrogustavsberg.se\\\/kattholmenbarochkok\\\/kalendarium\\\/#breadcrumb\"},\"inLanguage\":\"sv-SE\",\"potentialAction\":[{\"@type\":\"ReadAction\",\"target\":[\"https:\\\/\\\/bistrogustavsberg.se\\\/kattholmenbarochkok\\\/kalendarium\\\/\"]}]},{\"@type\":\"ImageObject\",\"inLanguage\":\"sv-SE\",\"@id\":\"https:\\\/\\\/bistrogustavsberg.se\\\/kattholmenbarochkok\\\/kalendarium\\\/#primaryimage\",\"url\":\"http:\\\/\\\/bistrogustavsberg.se\\\/kattholmenbarochkok\\\/wp-content\\\/uploads\\\/sites\\\/2\\\/2019\\\/07\\\/kattholmen_logga.png\",\"contentUrl\":\"http:\\\/\\\/bistrogustavsberg.se\\\/kattholmenbarochkok\\\/wp-content\\\/uploads\\\/sites\\\/2\\\/2019\\\/07\\\/kattholmen_logga.png\",\"width\":915,\"height\":915},{\"@type\":\"BreadcrumbList\",\"@id\":\"https:\\\/\\\/bistrogustavsberg.se\\\/kattholmenbarochkok\\\/kalendarium\\\/#breadcrumb\",\"itemListElement\":[{\"@type\":\"ListItem\",\"position\":1,\"name\":\"Hem\",\"item\":\"https:\\\/\\\/bistrogustavsberg.se\\\/kattholmenbarochkok\\\/\"},{\"@type\":\"ListItem\",\"position\":2,\"name\":\"Kalendarium\"}]},{\"@type\":\"WebSite\",\"@id\":\"https:\\\/\\\/bistrogustavsberg.se\\\/kattholmenbarochkok\\\/#website\",\"url\":\"https:\\\/\\\/bistrogustavsberg.se\\\/kattholmenbarochkok\\\/\",\"name\":\"Kattholmen bar och k\u00f6k\",\"description\":\"Kattholmen bar och k\u00f6k\",\"publisher\":{\"@id\":\"https:\\\/\\\/bistrogustavsberg.se\\\/kattholmenbarochkok\\\/#organization\"},\"potentialAction\":[{\"@type\":\"SearchAction\",\"target\":{\"@type\":\"EntryPoint\",\"urlTemplate\":\"https:\\\/\\\/bistrogustavsberg.se\\\/kattholmenbarochkok\\\/?s={search_term_string}\"},\"query-input\":{\"@type\":\"PropertyValueSpecification\",\"valueRequired\":true,\"valueName\":\"search_term_string\"}}],\"inLanguage\":\"sv-SE\"},{\"@type\":\"Organization\",\"@id\":\"https:\\\/\\\/bistrogustavsberg.se\\\/kattholmenbarochkok\\\/#organization\",\"name\":\"Kattholmen bar och k\u00f6k\",\"url\":\"https:\\\/\\\/bistrogustavsberg.se\\\/kattholmenbarochkok\\\/\",\"logo\":{\"@type\":\"ImageObject\",\"inLanguage\":\"sv-SE\",\"@id\":\"https:\\\/\\\/bistrogustavsberg.se\\\/kattholmenbarochkok\\\/#\\\/schema\\\/logo\\\/image\\\/\",\"url\":\"http:\\\/\\\/bistrogustavsberg.se\\\/kattholmenbarochkok\\\/wp-content\\\/uploads\\\/sites\\\/2\\\/2019\\\/07\\\/kattholmen_logga.png\",\"contentUrl\":\"http:\\\/\\\/bistrogustavsberg.se\\\/kattholmenbarochkok\\\/wp-content\\\/uploads\\\/sites\\\/2\\\/2019\\\/07\\\/kattholmen_logga.png\",\"width\":915,\"height\":915,\"caption\":\"Kattholmen bar och k\u00f6k\"},\"image\":{\"@id\":\"https:\\\/\\\/bistrogustavsberg.se\\\/kattholmenbarochkok\\\/#\\\/schema\\\/logo\\\/image\\\/\"}}]}<\/script>\n<!-- \/ Yoast SEO plugin. -->","yoast_head_json":{"title":"Kalendarium - Kattholmen bar och k\u00f6k","robots":{"index":"index","follow":"follow","max-snippet":"max-snippet:-1","max-image-preview":"max-image-preview:large","max-video-preview":"max-video-preview:-1"},"canonical":"https:\/\/bistrogustavsberg.se\/kattholmenbarochkok\/kalendarium\/","og_locale":"sv_SE","og_type":"article","og_title":"Kalendarium - Kattholmen bar och k\u00f6k","og_description":"P\u00c5 G\u00c5NG p\u00e5 KATTHOLMEN: &#8212; sommaren \u00e4r \u00f6ver f\u00f6r denna g\u00e5ng.. \u00d6ppet helger fram till 8 sept. v 34-35-36 \u00a0L\u00f6rdagar kl 12-19, s\u00f6ndagar kl 12-16 ca. LIVEMUSIK Aftersail \u2013 alla...","og_url":"https:\/\/bistrogustavsberg.se\/kattholmenbarochkok\/kalendarium\/","og_site_name":"Kattholmen bar och k\u00f6k","article_modified_time":"2019-08-18T11:34:09+00:00","og_image":[{"url":"http:\/\/bistrogustavsberg.se\/kattholmenbarochkok\/wp-content\/uploads\/sites\/2\/2019\/07\/kattholmen_logga-300x300.png","type":"","width":"","height":""}],"twitter_card":"summary_large_image","twitter_misc":{"Ber\u00e4knad l\u00e4stid":"1 minut"},"schema":{"@context":"https:\/\/schema.org","@graph":[{"@type":"WebPage","@id":"https:\/\/bistrogustavsberg.se\/kattholmenbarochkok\/kalendarium\/","url":"https:\/\/bistrogustavsberg.se\/kattholmenbarochkok\/kalendarium\/","name":"Kalendarium - Kattholmen bar och k\u00f6k","isPartOf":{"@id":"https:\/\/bistrogustavsberg.se\/kattholmenbarochkok\/#website"},"primaryImageOfPage":{"@id":"https:\/\/bistrogustavsberg.se\/kattholmenbarochkok\/kalendarium\/#primaryimage"},"image":{"@id":"https:\/\/bistrogustavsberg.se\/kattholmenbarochkok\/kalendarium\/#primaryimage"},"thumbnailUrl":"http:\/\/bistrogustavsberg.se\/kattholmenbarochkok\/wp-content\/uploads\/sites\/2\/2019\/07\/kattholmen_logga-300x300.png","datePublished":"2019-07-09T14:14:35+00:00","dateModified":"2019-08-18T11:34:09+00:00","breadcrumb":{"@id":"https:\/\/bistrogustavsberg.se\/kattholmenbarochkok\/kalendarium\/#breadcrumb"},"inLanguage":"sv-SE","potentialAction":[{"@type":"ReadAction","target":["https:\/\/bistrogustavsberg.se\/kattholmenbarochkok\/kalendarium\/"]}]},{"@type":"ImageObject","inLanguage":"sv-SE","@id":"https:\/\/bistrogustavsberg.se\/kattholmenbarochkok\/kalendarium\/#primaryimage","url":"http:\/\/bistrogustavsberg.se\/kattholmenbarochkok\/wp-content\/uploads\/sites\/2\/2019\/07\/kattholmen_logga.png","contentUrl":"http:\/\/bistrogustavsberg.se\/kattholmenbarochkok\/wp-content\/uploads\/sites\/2\/2019\/07\/kattholmen_logga.png","width":915,"height":915},{"@type":"BreadcrumbList","@id":"https:\/\/bistrogustavsberg.se\/kattholmenbarochkok\/kalendarium\/#breadcrumb","itemListElement":[{"@type":"ListItem","position":1,"name":"Hem","item":"https:\/\/bistrogustavsberg.se\/kattholmenbarochkok\/"},{"@type":"ListItem","position":2,"name":"Kalendarium"}]},{"@type":"WebSite","@id":"https:\/\/bistrogustavsberg.se\/kattholmenbarochkok\/#website","url":"https:\/\/bistrogustavsberg.se\/kattholmenbarochkok\/","name":"Kattholmen bar och k\u00f6k","description":"Kattholmen bar och k\u00f6k","publisher":{"@id":"https:\/\/bistrogustavsberg.se\/kattholmenbarochkok\/#organization"},"potentialAction":[{"@type":"SearchAction","target":{"@type":"EntryPoint","urlTemplate":"https:\/\/bistrogustavsberg.se\/kattholmenbarochkok\/?s={search_term_string}"},"query-input":{"@type":"PropertyValueSpecification","valueRequired":true,"valueName":"search_term_string"}}],"inLanguage":"sv-SE"},{"@type":"Organization","@id":"https:\/\/bistrogustavsberg.se\/kattholmenbarochkok\/#organization","name":"Kattholmen bar och k\u00f6k","url":"https:\/\/bistrogustavsberg.se\/kattholmenbarochkok\/","logo":{"@type":"ImageObject","inLanguage":"sv-SE","@id":"https:\/\/bistrogustavsberg.se\/kattholmenbarochkok\/#\/schema\/logo\/image\/","url":"http:\/\/bistrogustavsberg.se\/kattholmenbarochkok\/wp-content\/uploads\/sites\/2\/2019\/07\/kattholmen_logga.png","contentUrl":"http:\/\/bistrogustavsberg.se\/kattholmenbarochkok\/wp-content\/uploads\/sites\/2\/2019\/07\/kattholmen_logga.png","width":915,"height":915,"caption":"Kattholmen bar och k\u00f6k"},"image":{"@id":"https:\/\/bistrogustavsberg.se\/kattholmenbarochkok\/#\/schema\/logo\/image\/"}}]}},"_links":{"self":[{"href":"http:\/\/bistrogustavsberg.se\/kattholmenbarochkok\/wp-json\/wp\/v2\/pages\/11","targetHints":{"allow":["GET"]}}],"collection":[{"href":"http:\/\/bistrogustavsberg.se\/kattholmenbarochkok\/wp-json\/wp\/v2\/pages"}],"about":[{"href":"http:\/\/bistrogustavsberg.se\/kattholmenbarochkok\/wp-json\/wp\/v2\/types\/page"}],"author":[{"embeddable":true,"href":"http:\/\/bistrogustavsberg.se\/kattholmenbarochkok\/wp-json\/wp\/v2\/users\/8"}],"replies":[{"embeddable":true,"href":"http:\/\/bistrogustavsberg.se\/kattholmenbarochkok\/wp-json\/wp\/v2\/comments?post=11"}],"version-history":[{"count":24,"href":"http:\/\/bistrogustavsberg.se\/kattholmenbarochkok\/wp-json\/wp\/v2\/pages\/11\/revisions"}],"predecessor-version":[{"id":93,"href":"http:\/\/bistrogustavsberg.se\/kattholmenbarochkok\/wp-json\/wp\/v2\/pages\/11\/revisions\/93"}],"wp:attachment":[{"href":"http:\/\/bistrogustavsberg.se\/kattholmenbarochkok\/wp-json\/wp\/v2\/media?parent=11"}],"curies":[{"name":"wp","href":"https:\/\/api.w.org\/{rel}","templated":true}]}}